{"id":203,"date":"2016-01-12T21:08:53","date_gmt":"2016-01-12T21:08:53","guid":{"rendered":"https:\/\/www.fanfarrakaustika.com\/?page_id=203"},"modified":"2020-03-15T11:26:35","modified_gmt":"2020-03-15T11:26:35","slug":"bio-2","status":"publish","type":"page","link":"https:\/\/www.fanfarrakaustika.com\/en\/bio-2\/","title":{"rendered":"Bio"},"content":{"rendered":"<p>Thrilling, innovative and ecstatic, <strong>K\u00e1ustika<\/strong> is an original band from \u00c1gueda (Portugal). With musicians from the most diverse fields of music, <strong>K\u00e1ustika<\/strong> is a project that merges different sonorities and styles in an unique and innovative way.<\/p>\n<p>The combination of different schools, genders and musical languages culminates in the creation of two spectacles, with distinct and clear styles: \u2018<a href=\"https:\/\/www.fanfarrakaustika.com\/en\/discografia\/punk-filarmonico\/\">Punk Filarm\u00f3nico<\/a>\u2019 (Philarmonic Punk), an itinerant show designed for street performances, and \u2018<a href=\"https:\/\/www.fanfarrakaustika.com\/pt\/discografia\/transe-sinfonico\/\">Transe Sinf\u00f3nico<\/a>\u2019 (Symphonic Trance), planned for spectacle rooms and stages.<\/p>\n<p>\u2018Transe Sinf\u00f3nico\u2019 album and \u2018Punk Filarm\u00f3nico\u2019 EP make up the band discography which has shared the stage with artists such as Trilok Gurtu, Bezegol or \u2018Os Azeitonas\u2019.<\/p>\n<p>It has been in the most influent stages of Portugal, \u2018Coliseu dos Recreios\u2019 (Lisbon) and \u2018Coliseu do Porto\u2019 (Oporto), and have performed in several festivals such as \u2018BOOM Festival\u2019, \u2018Agit\u00c1gueda\u2018, \u2018Imaginarius\u2019, \u2018Porto Beer Fest\u2019, \u2018Andan\u00e7as\u2019, \u2018Oito24\u2019 among others.<\/p>\n<p>To the sound of <strong>K\u00e1ustika<\/strong>, independently of the place of the show, there is always an uncertain destiny, the trip though, is guaranteed!<\/p>","protected":false},"excerpt":{"rendered":"<p>Thrilling, innovative and ecstatic, K\u00e1ustika is an original band from \u00c1gueda (Portugal). With musicians from the most diverse fields of music, K\u00e1ustika is a project that merges different sonorities and styles in an unique and innovative way. The combination of different schools, genders and musical languages culminates in the creation of two spectacles, with distinct [&hellip;]<\/p>\n","protected":false},"author":1,"featured_media":0,"parent":0,"menu_order":-1,"comment_status":"open","ping_status":"open","template":"page-one.php","meta":[],"tags":[],"_links":{"self":[{"href":"https:\/\/www.fanfarrakaustika.com\/en\/wp-json\/wp\/v2\/pages\/203"}],"collection":[{"href":"https:\/\/www.fanfarrakaustika.com\/en\/wp-json\/wp\/v2\/pages"}],"about":[{"href":"https:\/\/www.fanfarrakaustika.com\/en\/wp-json\/wp\/v2\/types\/page"}],"author":[{"embeddable":true,"href":"https:\/\/www.fanfarrakaustika.com\/en\/wp-json\/wp\/v2\/users\/1"}],"replies":[{"embeddable":true,"href":"https:\/\/www.fanfarrakaustika.com\/en\/wp-json\/wp\/v2\/comments?post=203"}],"version-history":[{"count":49,"href":"https:\/\/www.fanfarrakaustika.com\/en\/wp-json\/wp\/v2\/pages\/203\/revisions"}],"predecessor-version":[{"id":774,"href":"https:\/\/www.fanfarrakaustika.com\/en\/wp-json\/wp\/v2\/pages\/203\/revisions\/774"}],"wp:attachment":[{"href":"https:\/\/www.fanfarrakaustika.com\/en\/wp-json\/wp\/v2\/media?parent=203"}],"wp:term":[{"taxonomy":"post_tag","embeddable":true,"href":"https:\/\/www.fanfarrakaustika.com\/en\/wp-json\/wp\/v2\/tags?post=203"}],"curies":[{"name":"wp","href":"https:\/\/api.w.org\/{rel}","templated":true}]}}