{"id":362,"date":"2016-01-20T11:09:55","date_gmt":"2016-01-20T11:09:55","guid":{"rendered":"https:\/\/www.fanfarrakaustika.com\/?page_id=362"},"modified":"2016-02-02T01:32:38","modified_gmt":"2016-02-02T01:32:38","slug":"transe-sinfonico","status":"publish","type":"page","link":"https:\/\/www.fanfarrakaustika.com\/en\/discografia\/transe-sinfonico\/","title":{"rendered":"Transe Sinf\u00f3nico"},"content":{"rendered":"<p>\u201c<strong>Transe Sinf\u00f3nico<\/strong>\u201d (<strong>Symphonic Trance<\/strong>) is an album of originals. The story of this record merges with the history of the band itself, a musical project which includes musicians from different styles (jazz, classical, world mu-sic, \u2026). If trance is an altered state of consciousness, a trip, the symphonic brings us to an exqui-site sound. In this mixing of concepts \u201c<strong>Transe Sinf\u00f3nico<\/strong>\u201d seeks to feed a journey covering various styles and musical languages blend-ing them in a unique way providing various landscapes to the listeners.<\/p>\n<p>released May 8, 2015<\/p>\n<p>Saxophone alto: Jo\u00e3o Mort\u00e1gua<br \/>\nSaxophone tenor: Rodrigo Neves<br \/>\nTrumpets: Brian Carvalho e Jo\u00e3o Condesso<br \/>\nTrombone tenor: Gabriel Dias<br \/>\nTrombones bass: J\u00falio Sousa e Rui Bandeira<br \/>\nTuba: Marco Freire<br \/>\nSousaphone: Ab\u00edlio Liberal<br \/>\nPercussions: Gon\u00e7alo Garcia<br \/>\nDrums: Pedro Vasconcelos<\/p>\n<p>Composers: Wrainer Samuel e Marco Freire<\/p>\n<p>Recorded: Xavier Marques<br \/>\nMastered: Daniel Lopes<\/p>\n<p>Grafic Design: Artifex<\/p>\n<p>Support: Funda\u00e7\u00e3o GDA, Municipality of \u00c1gueda<\/p>","protected":false},"excerpt":{"rendered":"<p>\u201cTranse Sinf\u00f3nico\u201d (Symphonic Trance) is an album of originals. The story of this record merges with the history of the band itself, a musical project which includes musicians from different styles (jazz, classical, world mu-sic, \u2026). If trance is an altered state of consciousness, a trip, the symphonic brings us to an exqui-site sound. In [&hellip;]<\/p>\n","protected":false},"author":1,"featured_media":0,"parent":227,"menu_order":2,"comment_status":"open","ping_status":"closed","template":"page-four.php","meta":[],"tags":[5],"_links":{"self":[{"href":"https:\/\/www.fanfarrakaustika.com\/en\/wp-json\/wp\/v2\/pages\/362"}],"collection":[{"href":"https:\/\/www.fanfarrakaustika.com\/en\/wp-json\/wp\/v2\/pages"}],"about":[{"href":"https:\/\/www.fanfarrakaustika.com\/en\/wp-json\/wp\/v2\/types\/page"}],"author":[{"embeddable":true,"href":"https:\/\/www.fanfarrakaustika.com\/en\/wp-json\/wp\/v2\/users\/1"}],"replies":[{"embeddable":true,"href":"https:\/\/www.fanfarrakaustika.com\/en\/wp-json\/wp\/v2\/comments?post=362"}],"version-history":[{"count":10,"href":"https:\/\/www.fanfarrakaustika.com\/en\/wp-json\/wp\/v2\/pages\/362\/revisions"}],"predecessor-version":[{"id":539,"href":"https:\/\/www.fanfarrakaustika.com\/en\/wp-json\/wp\/v2\/pages\/362\/revisions\/539"}],"up":[{"embeddable":true,"href":"https:\/\/www.fanfarrakaustika.com\/en\/wp-json\/wp\/v2\/pages\/227"}],"wp:attachment":[{"href":"https:\/\/www.fanfarrakaustika.com\/en\/wp-json\/wp\/v2\/media?parent=362"}],"wp:term":[{"taxonomy":"post_tag","embeddable":true,"href":"https:\/\/www.fanfarrakaustika.com\/en\/wp-json\/wp\/v2\/tags?post=362"}],"curies":[{"name":"wp","href":"https:\/\/api.w.org\/{rel}","templated":true}]}}