{"id":203,"date":"2016-01-12T21:08:53","date_gmt":"2016-01-12T21:08:53","guid":{"rendered":"https:\/\/www.fanfarrakaustika.com\/?page_id=203"},"modified":"2020-03-15T11:26:35","modified_gmt":"2020-03-15T11:26:35","slug":"bio-2","status":"publish","type":"page","link":"https:\/\/www.fanfarrakaustika.com\/pt\/bio-2\/","title":{"rendered":"Bio"},"content":{"rendered":"<p>Eletrizante, inovadora e extasiante, a <strong>K\u00e1ustika<\/strong> \u00e9 uma banda de originais oriunda de \u00c1gueda (Portugal). Composta por m\u00fasicos formados nas mais diversas \u00e1reas da m\u00fasica, a <strong>K\u00e1ustika<\/strong> \u00e9 um projeto que funde v\u00e1rias sonoridades e estilos de forma \u00fanica e inovadora.<\/p>\n<p>A mistura de escolas, g\u00e9neros e linguagens musicais culmina na cria\u00e7\u00e3o de dois espet\u00e1culos, com dois estilos marcantes e distintivos: o \u201c<strong><a href=\"https:\/\/www.fanfarrakaustika.com\/pt\/discografia\/punk-filarmonico\/\">Punk Filarm\u00f3nico<\/a><\/strong>\u201d, um espet\u00e1culo itinerante concebido para a rua, e o\u201c<strong><a href=\"https:\/\/www.fanfarrakaustika.com\/pt\/discografia\/transe-sinfonico\/\">Transe Sinf\u00f3nico<\/a><\/strong>\u201d , um espet\u00e1culo para salas e grandes palcos.<\/p>\n<p>O \u00e1lbum Transe Sinf\u00f3nico e o EP Punk Filarm\u00f3nico comp\u00f5em a discografia da banda que j\u00e1 dividiu palco com artistas como Trilok Gurtu, Bezegol ou Os Azeitonas.<\/p>\n<p>Passou pelos mais importantes palcos do pa\u00eds, como \u00e9 o caso do Coliseu dos Recreios (Lisboa) e Coliseu do Porto, e atuou em v\u00e1rios festivais onde se destacam o BOOM Festival, Imaginarius, Queima das Fitas, Porto Beer Fest, Agit\u00c1gueda, Festival Oito24 entre outros.<\/p>\n<p>&nbsp;<\/p>\n<p>Ao som da <strong>K\u00e1ustika<\/strong>, independentemente do local do espet\u00e1culo, o destino \u00e9 sempre incerto, mas a viagem, essa, \u00e9 garantida!<\/p>","protected":false},"excerpt":{"rendered":"<p>Eletrizante, inovadora e extasiante, a K\u00e1ustika \u00e9 uma banda de originais oriunda de \u00c1gueda (Portugal). Composta por m\u00fasicos formados nas mais diversas \u00e1reas da m\u00fasica, a K\u00e1ustika \u00e9 um projeto que funde v\u00e1rias sonoridades e estilos de forma \u00fanica e inovadora. A mistura de escolas, g\u00e9neros e linguagens musicais culmina na cria\u00e7\u00e3o de dois espet\u00e1culos, [&hellip;]<\/p>\n","protected":false},"author":1,"featured_media":0,"parent":0,"menu_order":-1,"comment_status":"open","ping_status":"open","template":"page-one.php","meta":[],"tags":[],"_links":{"self":[{"href":"https:\/\/www.fanfarrakaustika.com\/pt\/wp-json\/wp\/v2\/pages\/203"}],"collection":[{"href":"https:\/\/www.fanfarrakaustika.com\/pt\/wp-json\/wp\/v2\/pages"}],"about":[{"href":"https:\/\/www.fanfarrakaustika.com\/pt\/wp-json\/wp\/v2\/types\/page"}],"author":[{"embeddable":true,"href":"https:\/\/www.fanfarrakaustika.com\/pt\/wp-json\/wp\/v2\/users\/1"}],"replies":[{"embeddable":true,"href":"https:\/\/www.fanfarrakaustika.com\/pt\/wp-json\/wp\/v2\/comments?post=203"}],"version-history":[{"count":49,"href":"https:\/\/www.fanfarrakaustika.com\/pt\/wp-json\/wp\/v2\/pages\/203\/revisions"}],"predecessor-version":[{"id":774,"href":"https:\/\/www.fanfarrakaustika.com\/pt\/wp-json\/wp\/v2\/pages\/203\/revisions\/774"}],"wp:attachment":[{"href":"https:\/\/www.fanfarrakaustika.com\/pt\/wp-json\/wp\/v2\/media?parent=203"}],"wp:term":[{"taxonomy":"post_tag","embeddable":true,"href":"https:\/\/www.fanfarrakaustika.com\/pt\/wp-json\/wp\/v2\/tags?post=203"}],"curies":[{"name":"wp","href":"https:\/\/api.w.org\/{rel}","templated":true}]}}