{"id":359,"date":"2016-01-20T11:05:07","date_gmt":"2016-01-20T11:05:07","guid":{"rendered":"https:\/\/www.fanfarrakaustika.com\/?page_id=359"},"modified":"2022-04-13T18:47:04","modified_gmt":"2022-04-13T18:47:04","slug":"punk-filarmonico","status":"publish","type":"page","link":"https:\/\/www.fanfarrakaustika.com\/pt\/discografia\/punk-filarmonico\/","title":{"rendered":"Punk Filarm\u00f3nico"},"content":{"rendered":"<p>\u201c<strong>Punk Filarm\u00f3nico<\/strong>\u201d foi o primeiro EP.<br \/>\nEm 2013 nasceu um \u00e1lbum composto por temas originais que combinam diferentes conceitos e experi\u00eancias na procura de algo genu\u00edno atrav\u00e9s da uni\u00e3o e da partilha. Por tr\u00e1s deste disco est\u00e3o sonoridades escuras e densas, \u00e0 mistura com uma alegria contagiante e boas vibra\u00e7\u00f5es.<\/p>","protected":false},"excerpt":{"rendered":"<p>\u201cPunk Filarm\u00f3nico\u201d foi o primeiro EP. Em 2013 nasceu um \u00e1lbum composto por temas originais que combinam diferentes conceitos e experi\u00eancias na procura de algo genu\u00edno atrav\u00e9s da uni\u00e3o e da partilha. Por tr\u00e1s deste disco est\u00e3o sonoridades escuras e densas, \u00e0 mistura com uma alegria contagiante e boas vibra\u00e7\u00f5es.<\/p>\n","protected":false},"author":1,"featured_media":0,"parent":227,"menu_order":3,"comment_status":"open","ping_status":"closed","template":"page-four.php","meta":[],"tags":[5],"_links":{"self":[{"href":"https:\/\/www.fanfarrakaustika.com\/pt\/wp-json\/wp\/v2\/pages\/359"}],"collection":[{"href":"https:\/\/www.fanfarrakaustika.com\/pt\/wp-json\/wp\/v2\/pages"}],"about":[{"href":"https:\/\/www.fanfarrakaustika.com\/pt\/wp-json\/wp\/v2\/types\/page"}],"author":[{"embeddable":true,"href":"https:\/\/www.fanfarrakaustika.com\/pt\/wp-json\/wp\/v2\/users\/1"}],"replies":[{"embeddable":true,"href":"https:\/\/www.fanfarrakaustika.com\/pt\/wp-json\/wp\/v2\/comments?post=359"}],"version-history":[{"count":13,"href":"https:\/\/www.fanfarrakaustika.com\/pt\/wp-json\/wp\/v2\/pages\/359\/revisions"}],"predecessor-version":[{"id":786,"href":"https:\/\/www.fanfarrakaustika.com\/pt\/wp-json\/wp\/v2\/pages\/359\/revisions\/786"}],"up":[{"embeddable":true,"href":"https:\/\/www.fanfarrakaustika.com\/pt\/wp-json\/wp\/v2\/pages\/227"}],"wp:attachment":[{"href":"https:\/\/www.fanfarrakaustika.com\/pt\/wp-json\/wp\/v2\/media?parent=359"}],"wp:term":[{"taxonomy":"post_tag","embeddable":true,"href":"https:\/\/www.fanfarrakaustika.com\/pt\/wp-json\/wp\/v2\/tags?post=359"}],"curies":[{"name":"wp","href":"https:\/\/api.w.org\/{rel}","templated":true}]}}