{"id":411,"date":"2016-01-21T15:48:36","date_gmt":"2016-01-21T15:48:36","guid":{"rendered":"https:\/\/www.fanfarrakaustika.com\/?page_id=411"},"modified":"2021-09-12T15:13:27","modified_gmt":"2021-09-12T15:13:27","slug":"palco","status":"publish","type":"page","link":"https:\/\/www.fanfarrakaustika.com\/pt\/espetaculo\/palco\/","title":{"rendered":"Palco"},"content":{"rendered":"<p><\/p>\n<h4>K\u00c1USTIKA<\/h4>\n<p><iframe loading=\"lazy\" title=\"K\u00c1USTIKA feat. Trilok Gurtu, Bezegol &amp; Hugo Correia | Teaser &quot;Transe Sinf\u00f3nico&quot; (10.\u00ba Anivers\u00e1rio)\" width=\"900\" height=\"506\" src=\"https:\/\/www.youtube.com\/embed\/nSHzVl-dPNM?feature=oembed\" frameborder=\"0\" allow=\"accelerometer; autoplay; clipboard-write; encrypted-media; gyroscope; picture-in-picture\" allowfullscreen><\/iframe><\/p>\n<p class=\"p1\">A <strong>K\u00e1ustika<\/strong> apresenta neste formato um espet\u00e1culo arrojado e surpreendente, projetado em absoluto para salas e grandes palcos. <a href=\"https:\/\/www.fanfarrakaustika.com\/pt\/discografia\/transe-sinfonico\/\">Transe Sinf\u00f3nico<\/a> \u00e9 na ess\u00eancia uma viagem sonora composta por tr\u00eas atos.<\/p>\n<p class=\"p1\">Se do trance se depreende um estado alterado da consci\u00eancia, uma viagem, j\u00e1 o sinf\u00f3nico remete-nos para uma sonoridade erudita, requintada, cuidada.<\/p>\n<p class=\"p1\">Nesta envolv\u00eancia de conceitos e sons quase d\u00edspares, Transe Sinf\u00f3nico \u00e9 um espet\u00e1culo de fus\u00f5es absolutamente pr\u00f3prias e \u00fanicas.<\/p>\n<p class=\"p1\">Na escrita musical, a sec\u00e7\u00e3o r\u00edtmica apresenta fortes influ\u00eancias da m\u00fasica eletr\u00f3nica, especialmente do trance, do dubstep e do drum\u2019n\u2019bass. As melodias remetem-nos para o erudito, com forte predomin\u00e2ncia do jazz e da m\u00fasica sinf\u00f3nica. O acompanhamento faz-se entre o psicad\u00e9lico e minimal.<\/p>\n<p class=\"p1\">Coloquem os p\u00e9s bem assentes na terra, arregalem os olhos \u00e0 vis\u00e3o infinita, sintam o esp\u00edrito livre e mantenham a curiosidade acesa. Sejam bem-vindos ao Transe Sinf\u00f3nico: mais que um espet\u00e1culo, uma viagem musical!<\/p>\n<p>&nbsp;<\/p>\n<h4>Live at BOOM 2018<\/h4>\n<p><iframe loading=\"lazy\" title=\"K\u00c1USTIKA | Boom Festival 2018\" width=\"900\" height=\"506\" src=\"https:\/\/www.youtube.com\/embed\/g7-9Oe6KAlE?feature=oembed\" frameborder=\"0\" allow=\"accelerometer; autoplay; clipboard-write; encrypted-media; gyroscope; picture-in-picture\" allowfullscreen><\/iframe><\/p>\n<p>&nbsp;<\/p>","protected":false},"excerpt":{"rendered":"<p>K\u00c1USTIKA A K\u00e1ustika apresenta neste formato um espet\u00e1culo arrojado e surpreendente, projetado em absoluto para salas e grandes palcos. Transe Sinf\u00f3nico \u00e9 na ess\u00eancia uma viagem sonora composta por tr\u00eas atos. Se do trance se depreende um estado alterado da consci\u00eancia, uma viagem, j\u00e1 o sinf\u00f3nico remete-nos para uma sonoridade erudita, requintada, cuidada. Nesta envolv\u00eancia [&hellip;]<\/p>\n","protected":false},"author":1,"featured_media":0,"parent":408,"menu_order":0,"comment_status":"closed","ping_status":"closed","template":"","meta":[],"tags":[24,23,17,19,20,18,16,22,21,15],"_links":{"self":[{"href":"https:\/\/www.fanfarrakaustika.com\/pt\/wp-json\/wp\/v2\/pages\/411"}],"collection":[{"href":"https:\/\/www.fanfarrakaustika.com\/pt\/wp-json\/wp\/v2\/pages"}],"about":[{"href":"https:\/\/www.fanfarrakaustika.com\/pt\/wp-json\/wp\/v2\/types\/page"}],"author":[{"embeddable":true,"href":"https:\/\/www.fanfarrakaustika.com\/pt\/wp-json\/wp\/v2\/users\/1"}],"replies":[{"embeddable":true,"href":"https:\/\/www.fanfarrakaustika.com\/pt\/wp-json\/wp\/v2\/comments?post=411"}],"version-history":[{"count":20,"href":"https:\/\/www.fanfarrakaustika.com\/pt\/wp-json\/wp\/v2\/pages\/411\/revisions"}],"predecessor-version":[{"id":780,"href":"https:\/\/www.fanfarrakaustika.com\/pt\/wp-json\/wp\/v2\/pages\/411\/revisions\/780"}],"up":[{"embeddable":true,"href":"https:\/\/www.fanfarrakaustika.com\/pt\/wp-json\/wp\/v2\/pages\/408"}],"wp:attachment":[{"href":"https:\/\/www.fanfarrakaustika.com\/pt\/wp-json\/wp\/v2\/media?parent=411"}],"wp:term":[{"taxonomy":"post_tag","embeddable":true,"href":"https:\/\/www.fanfarrakaustika.com\/pt\/wp-json\/wp\/v2\/tags?post=411"}],"curies":[{"name":"wp","href":"https:\/\/api.w.org\/{rel}","templated":true}]}}